{"id":977,"date":"2020-10-19T16:47:26","date_gmt":"2020-10-19T22:47:26","guid":{"rendered":"https:\/\/coombudsman.wpengine.com\/programa-del-defensor-del-pueblo-de-atencion-a-largo-plazo-de-colorado\/"},"modified":"2020-10-19T16:47:26","modified_gmt":"2020-10-19T22:47:26","slug":"programa-del-defensor-del-pueblo-de-atencion-a-largo-plazo-de-colorado","status":"publish","type":"page","link":"https:\/\/www.coombudsman.org\/es\/","title":{"rendered":"Programa del defensor del pueblo de atenci\u00f3n a largo plazo de Colorado"},"content":{"rendered":"<h2>\u00bfQu\u00e9 es el Programa del defensor del pueblo de atenci\u00f3n a largo plazo?<\/h2>\n<p> El Programa del defensor del pueblo de atenci\u00f3n a largo plazo del estado de Colorado defiende a los residentes de hogares de ancianos especializados y residencias de vida asistida con licencia. La autoridad del programa del defensor del pueblo de atenci\u00f3n a largo plazo proviene del T\u00edtulo VII, Cap\u00edtulo 2, de la Ley de Estadounidenses Mayores, as\u00ed como del T\u00edtulo 26, Art\u00edculo 11.5, de la Ley de Personas Mayores de Colorado. El prop\u00f3sito principal del Programa del defensor del pueblo de atenci\u00f3n a largo plazo es promover y proteger los derechos de los residentes garantizados a estos residentes bajo la ley federal y estatal. Logramos esta misi\u00f3n con una red de oficinas locales por todo el estado, que reclutan, capacitan y administran equipos de defensores del pueblo certificados. El personal y los defensores del pueblo voluntarios visitan los centros de atenci\u00f3n a largo plazo en todo el estado para garantizar que se respeten los derechos de los residentes. Los defensores del pueblo de atenci\u00f3n a largo plazo certificados est\u00e1n capacitados para recibir quejas y resolver problemas en situaciones relacionadas con la calidad de la atenci\u00f3n, el uso de restricciones, el traslado y el alta, el maltrato y otros aspectos de los derechos y la dignidad de los residentes. Los servicios del defensor del pueblo son gratuitos, confidenciales y <em>dirigidos por los residentes<\/em>. <\/p>\n<h2>\u00bfQui\u00e9n puede usar el Programa del defensor del pueblo?<\/h2>\n<ul>\n<li>Residentes de hogares de ancianos especializados y residencias de vida asistida con licencia<\/li>\n<li>Familiares y amigos de residentes en centros de atenci\u00f3n a largo plazo con licencia<\/li>\n<li>Administradores y empleados de centros de atenci\u00f3n a largo plazo con licencia<\/li>\n<li>Cualquier grupo o individuo preocupado por el bienestar de los residentes de centros de atenci\u00f3n a largo plazo<\/li>\n<li>La comunidad en general<\/li>\n<\/ul>\n<p> Para apoyar el trabajo del Programa del defensor del pueblo de atenci\u00f3n a largo plazo, visite nuestra p\u00e1gina de <a href=\"https:\/\/www.coombudsman.org\/donate\/\">Donativos<\/a>. Para comunicarse con el Programa local del defensor del pueblo de atenci\u00f3n a largo plazo en su \u00e1rea, visite <a href=\"https:\/\/www.coombudsman.org\/resources\/find-an-ombudsman\/\">Encontrar un defensor del pueblo<\/a>. <\/p>\n<h2>Algunas razones por las que las personas se comunican con el Programa del defensor del pueblo de atenci\u00f3n a largo plazo<\/h2>\n<ul>\n<li><strong>Violaciones de derechos<\/strong>: problemas de privacidad, problemas de p\u00e9rdida de dignidad, mala actitud del personal, maltrato emocional y verbal, etc.<\/li>\n<li><strong>Problemas con traslados y altas<\/strong>: dadas de alta incorrectas, cuotas de servicios no reveladas, readmisi\u00f3n denegada, discriminaci\u00f3n de Medicaid, etc.<\/li>\n<li><strong>Problemas con la atenci\u00f3n<\/strong>: no responder al bot\u00f3n de llamadas, problemas con la recepci\u00f3n de medicamentos, mala higiene, etc.<\/li>\n<\/ul>\n","protected":false},"excerpt":{"rendered":"<p>\u00bfQu\u00e9 es el Programa del defensor del pueblo de atenci\u00f3n a largo plazo? El Programa del defensor del pueblo de atenci\u00f3n a largo plazo del estado de Colorado defiende a los residentes de hogares de ancianos especializados y residencias de vida asistida con licencia. La autoridad del programa del defensor del pueblo de atenci\u00f3n a&#8230; <a class=\"read-more\" href=\"https:\/\/www.coombudsman.org\/es\/\">Read More<\/a><\/p>\n","protected":false},"author":15,"featured_media":0,"parent":0,"menu_order":0,"comment_status":"closed","ping_status":"closed","template":"tmpl_home.php","meta":{"footnotes":""},"class_list":["post-977","page","type-page","status-publish","hentry"],"yoast_head":"<!-- This site is optimized with the Yoast SEO plugin v27.3 - https:\/\/yoast.com\/product\/yoast-seo-wordpress\/ -->\n<title>Programa del defensor del pueblo de atenci\u00f3n a largo plazo del estado de Colorado | CO<\/title>\n<meta name=\"robots\" content=\"index, follow, max-snippet:-1, max-image-preview:large, max-video-preview:-1\" \/>\n<link rel=\"canonical\" href=\"https:\/\/www.coombudsman.org\/es\/\" \/>\n<meta property=\"og:locale\" content=\"es_ES\" \/>\n<meta property=\"og:type\" content=\"article\" \/>\n<meta property=\"og:title\" content=\"Programa del defensor del pueblo de atenci\u00f3n a largo plazo del estado de Colorado | CO\" \/>\n<meta property=\"og:description\" content=\"\u00bfQu\u00e9 es el Programa del defensor del pueblo de atenci\u00f3n a largo plazo? El Programa del defensor del pueblo de atenci\u00f3n a largo plazo del estado de Colorado defiende a los residentes de hogares de ancianos especializados y residencias de vida asistida con licencia. La autoridad del programa del defensor del pueblo de atenci\u00f3n a... Read More\" \/>\n<meta property=\"og:url\" content=\"https:\/\/www.coombudsman.org\/es\/\" \/>\n<meta property=\"og:site_name\" content=\"Programa del defensor del pueblo de atenci\u00f3n a largo plazo del estado de Colorado\" \/>\n<meta name=\"twitter:card\" content=\"summary_large_image\" \/>\n<meta name=\"twitter:label1\" content=\"Est. reading time\" \/>\n\t<meta name=\"twitter:data1\" content=\"2 minutes\" \/>\n<script type=\"application\/ld+json\" class=\"yoast-schema-graph\">{\"@context\":\"https:\\\/\\\/schema.org\",\"@graph\":[{\"@type\":\"WebPage\",\"@id\":\"https:\\\/\\\/www.coombudsman.org\\\/es\\\/\",\"url\":\"https:\\\/\\\/www.coombudsman.org\\\/es\\\/\",\"name\":\"Programa del defensor del pueblo de atenci\u00f3n a largo plazo del estado de Colorado | CO\",\"isPartOf\":{\"@id\":\"https:\\\/\\\/www.coombudsman.org\\\/#website\"},\"datePublished\":\"2020-10-19T22:47:26+00:00\",\"breadcrumb\":{\"@id\":\"https:\\\/\\\/www.coombudsman.org\\\/es\\\/#breadcrumb\"},\"inLanguage\":\"es-ES\",\"potentialAction\":[{\"@type\":\"ReadAction\",\"target\":[\"https:\\\/\\\/www.coombudsman.org\\\/es\\\/\"]}]},{\"@type\":\"BreadcrumbList\",\"@id\":\"https:\\\/\\\/www.coombudsman.org\\\/es\\\/#breadcrumb\",\"itemListElement\":[{\"@type\":\"ListItem\",\"position\":1,\"name\":\"Home\",\"item\":\"https:\\\/\\\/www.coombudsman.org\\\/es\\\/\"},{\"@type\":\"ListItem\",\"position\":2,\"name\":\"Programa del defensor del pueblo de atenci\u00f3n a largo plazo de Colorado\"}]},{\"@type\":\"WebSite\",\"@id\":\"https:\\\/\\\/www.coombudsman.org\\\/#website\",\"url\":\"https:\\\/\\\/www.coombudsman.org\\\/\",\"name\":\"Programa del defensor del pueblo de atenci\u00f3n a largo plazo del estado de Colorado\",\"description\":\"Colorado LTC\",\"potentialAction\":[{\"@type\":\"SearchAction\",\"target\":{\"@type\":\"EntryPoint\",\"urlTemplate\":\"https:\\\/\\\/www.coombudsman.org\\\/?s={search_term_string}\"},\"query-input\":{\"@type\":\"PropertyValueSpecification\",\"valueRequired\":true,\"valueName\":\"search_term_string\"}}],\"inLanguage\":\"es-ES\"}]}<\/script>\n<!-- \/ Yoast SEO plugin. -->","yoast_head_json":{"title":"Programa del defensor del pueblo de atenci\u00f3n a largo plazo del estado de Colorado | CO","robots":{"index":"index","follow":"follow","max-snippet":"max-snippet:-1","max-image-preview":"max-image-preview:large","max-video-preview":"max-video-preview:-1"},"canonical":"https:\/\/www.coombudsman.org\/es\/","og_locale":"es_ES","og_type":"article","og_title":"Programa del defensor del pueblo de atenci\u00f3n a largo plazo del estado de Colorado | CO","og_description":"\u00bfQu\u00e9 es el Programa del defensor del pueblo de atenci\u00f3n a largo plazo? El Programa del defensor del pueblo de atenci\u00f3n a largo plazo del estado de Colorado defiende a los residentes de hogares de ancianos especializados y residencias de vida asistida con licencia. La autoridad del programa del defensor del pueblo de atenci\u00f3n a... Read More","og_url":"https:\/\/www.coombudsman.org\/es\/","og_site_name":"Programa del defensor del pueblo de atenci\u00f3n a largo plazo del estado de Colorado","twitter_card":"summary_large_image","twitter_misc":{"Est. reading time":"2 minutes"},"schema":{"@context":"https:\/\/schema.org","@graph":[{"@type":"WebPage","@id":"https:\/\/www.coombudsman.org\/es\/","url":"https:\/\/www.coombudsman.org\/es\/","name":"Programa del defensor del pueblo de atenci\u00f3n a largo plazo del estado de Colorado | CO","isPartOf":{"@id":"https:\/\/www.coombudsman.org\/#website"},"datePublished":"2020-10-19T22:47:26+00:00","breadcrumb":{"@id":"https:\/\/www.coombudsman.org\/es\/#breadcrumb"},"inLanguage":"es-ES","potentialAction":[{"@type":"ReadAction","target":["https:\/\/www.coombudsman.org\/es\/"]}]},{"@type":"BreadcrumbList","@id":"https:\/\/www.coombudsman.org\/es\/#breadcrumb","itemListElement":[{"@type":"ListItem","position":1,"name":"Home","item":"https:\/\/www.coombudsman.org\/es\/"},{"@type":"ListItem","position":2,"name":"Programa del defensor del pueblo de atenci\u00f3n a largo plazo de Colorado"}]},{"@type":"WebSite","@id":"https:\/\/www.coombudsman.org\/#website","url":"https:\/\/www.coombudsman.org\/","name":"Programa del defensor del pueblo de atenci\u00f3n a largo plazo del estado de Colorado","description":"Colorado LTC","potentialAction":[{"@type":"SearchAction","target":{"@type":"EntryPoint","urlTemplate":"https:\/\/www.coombudsman.org\/?s={search_term_string}"},"query-input":{"@type":"PropertyValueSpecification","valueRequired":true,"valueName":"search_term_string"}}],"inLanguage":"es-ES"}]}},"_links":{"self":[{"href":"https:\/\/www.coombudsman.org\/es\/wp-json\/wp\/v2\/pages\/977","targetHints":{"allow":["GET"]}}],"collection":[{"href":"https:\/\/www.coombudsman.org\/es\/wp-json\/wp\/v2\/pages"}],"about":[{"href":"https:\/\/www.coombudsman.org\/es\/wp-json\/wp\/v2\/types\/page"}],"author":[{"embeddable":true,"href":"https:\/\/www.coombudsman.org\/es\/wp-json\/wp\/v2\/users\/15"}],"replies":[{"embeddable":true,"href":"https:\/\/www.coombudsman.org\/es\/wp-json\/wp\/v2\/comments?post=977"}],"version-history":[{"count":0,"href":"https:\/\/www.coombudsman.org\/es\/wp-json\/wp\/v2\/pages\/977\/revisions"}],"wp:attachment":[{"href":"https:\/\/www.coombudsman.org\/es\/wp-json\/wp\/v2\/media?parent=977"}],"curies":[{"name":"wp","href":"https:\/\/api.w.org\/{rel}","templated":true}]}}