{"id":917,"date":"2020-10-19T16:48:40","date_gmt":"2020-10-19T22:48:40","guid":{"rendered":"https:\/\/coombudsman.wpengine.com\/buscar-un-defensor-del-pueblo\/"},"modified":"2020-10-19T16:48:40","modified_gmt":"2020-10-19T22:48:40","slug":"buscar-un-defensor-del-pueblo","status":"publish","type":"page","link":"https:\/\/www.coombudsman.org\/es\/recursos\/buscar-un-defensor-del-pueblo\/","title":{"rendered":"Buscar un defensor del pueblo"},"content":{"rendered":"<p>Seleccione su condado a continuaci\u00f3n para obtener la informaci\u00f3n de su defensor del pueblo regional. <a name=\"top\"><\/a> <\/p>\n<h2><a id=\"district1\"><\/a>Regi\u00f3n 1 Asociaci\u00f3n de Gobiernos Locales del Noreste de Colorado<\/h2>\n<p> <strong>Defensora del pueblo regional<\/strong> Marlene Miller <a href=\"&#x6d;&#97;&#x69;&#x6c;&#116;&#x6f;&#58;m&#x6d;&#105;l&#x6c;&#101;r&#x40;&#110;e&#x63;&#97;&#x6c;&#x67;&#46;&#x63;&#x6f;&#109;\">mmiller&#64;neca&#108;&#103;&#46;&#99;&#111;&#109;<\/a> <strong>Condados incluidos<\/strong> Logan, Morgan, Phillips, Sedgwick, Washington, Yuma <strong>Direcci\u00f3n de la agencia anfitriona <\/strong>Agencia sobre el Envejecimiento del \u00e1rea del noreste de Colorado 231 Main St. Fort Morgan, CO 80701 <strong>Admisi\u00f3n\/Tel\u00e9fono<\/strong> (970) 848-2277 <strong>Fax<\/strong> (970) 867-9053 <\/p>\n<hr \/>\n<h2><a id=\"district2a\"><\/a>Regi\u00f3n 2A Oficina del condado de Larimer sobre el Envejecimiento<\/h2>\n<p> <strong>Defensora del pueblo regional<\/strong> Amber Franzel <a href=\"&#109;&#x61;&#x69;l&#116;&#x6f;:&#97;&#x66;&#x72;&#97;&#x6e;&#x7a;e&#108;&#x40;l&#97;&#x72;&#x69;&#109;&#x65;&#x72;&#46;&#111;&#x72;g\">&#x61;f&#x72;&#97;&#x6e;&#x7a;e&#x6c;&#64;&#x6c;&#x61;r&#x69;&#109;&#x65;&#x72;&#46;&#x6f;&#114;&#x67;<\/a> <strong>Condados incluidos<\/strong> Larimer <strong>Direcci\u00f3n de la agencia anfitriona <\/strong>Oficina del condado de Larimer sobre el Envejecimiento 1501 Blue Spruce Dr. Fort Collins, CO 80524 <strong>Admisi\u00f3n\/Tel\u00e9fono<\/strong> (970) 498-7750 <strong>Fax<\/strong> (970) 498-6304 <\/p>\n<hr \/>\n<h2><a id=\"district2b\"><\/a>Regi\u00f3n 2B Agencia sobre el Envejecimiento del \u00e1rea del condado de Weld<\/h2>\n<p> <strong>Defensora del pueblo regional<\/strong> Raegan Maldonado <a href=\"&#x6d;&#x61;&#x69;&#x6c;&#x74;&#x6f;&#x3a;&#114;&#109;&#97;&#108;&#100;onad&#x6f;&#x40;&#x77;&#x65;&#x6c;&#x64;&#x67;&#x6f;&#118;&#46;&#99;&#111;&#109;\">r&#109;&#x61;&#x6c;d&#111;&#x6e;&#x61;d&#111;&#x40;&#x77;e&#108;&#x64;&#x67;o&#118;&#x2e;&#x63;o&#109;<\/a> <strong>Condados incluidos<\/strong> Weld <strong>Direcci\u00f3n de la agencia anfitriona <\/strong>Departamento de Servicios Humanos del condado de Weld 315C North 11th Ave. Greeley, CO 80631 <strong>Admisi\u00f3n\/Tel\u00e9fono<\/strong> (970) 400-6128 <strong>Fax<\/strong> (970) 346-6951 <\/p>\n<p class=\"totop\"><a href=\"#top\">volver al inicio<\/a><\/p>\n<hr \/>\n<h2><a id=\"district3a\"><\/a>Regi\u00f3n 3A Agencia sobre el Envejecimiento del \u00e1rea del Consejo Regional de Gobiernos de Denver (Denver Regional Council of Governments, DRCOG)<\/h2>\n<p> <strong>Defensora del pueblo regional<\/strong> Shannon Gimbel <a href=\"&#x6d;&#x61;&#105;&#108;t&#x6f;&#x3a;&#x73;&#103;&#105;m&#x62;&#x65;&#x6c;&#64;&#100;r&#x63;&#x6f;&#x67;&#46;&#111;r&#x67;\">sg&#105;&#109;&#98;&#x65;&#x6c;&#x40;&#x64;&#x72;co&#103;&#46;&#111;&#x72;&#x67;<\/a> <strong>Condados incluidos<\/strong> Adams, Arapahoe, Denver, Jefferson, Broomfield, Clear Creek, Gilpin, Douglas <strong>Direcci\u00f3n de la agencia anfitriona <\/strong>Agencia sobre el Envejecimiento del \u00e1rea del DRCOG 1001 17th St. Suite 700 Denver, CO 80202 <strong>Admisi\u00f3n\/Tel\u00e9fono<\/strong> (303) 480-6734 <strong>Fax<\/strong> (303) 480-6827 <\/p>\n<p class=\"totop\"><a href=\"#top\">volver al inicio<\/a><\/p>\n<hr \/>\n<h2><a id=\"district3b\"><\/a>Regi\u00f3n 3B Agencia sobre el Envejecimiento del \u00e1rea del condado de Boulder<\/h2>\n<p> <strong>Defensora del pueblo regional<\/strong> Erica Corson <a href=\"&#x6d;&#97;&#x69;&#x6c;&#116;&#x6f;&#58;e&#x63;&#111;r&#x73;&#111;n&#x40;&#98;o&#x75;&#108;&#x64;&#x65;&#114;&#x63;&#x6f;&#117;&#x6e;&#116;y&#x2e;&#111;r&#x67;\">ec&#111;&#114;&#x73;&#x6f;&#x6e;&#x40;bo&#117;&#108;&#x64;&#x65;&#x72;&#x63;ou&#110;&#116;&#121;&#x2e;&#x6f;&#x72;&#x67;<\/a> <strong>Condados incluidos<\/strong> Boulder <strong>Direcci\u00f3n de la agencia anfitriona <\/strong>Agencia sobre el Envejecimiento del \u00e1rea del condado de Boulder 3482 North Broadway Boulder, CO 80304 <a href=\"&#109;&#x61;&#105;&#x6c;&#116;&#x6f;:&#x69;n&#x66;o&#76;&#x54;&#67;&#x4f;&#64;&#x62;&#111;&#x75;l&#x64;e&#x72;c&#111;&#x75;&#110;&#x74;&#121;&#x2e;&#111;&#x72;g\">i&#110;&#102;&#x6f;&#x4c;&#x54;C&#79;&#64;&#x62;&#x6f;&#x75;ld&#101;&#x72;&#x63;&#x6f;un&#116;&#121;&#x2e;&#x6f;&#x72;g<\/a> <strong>Admisi\u00f3n\/Tel\u00e9fono<\/strong> (303) 441-1173 <\/p>\n<p class=\"totop\"><a href=\"#top\">volver al inicio<\/a><\/p>\n<hr \/>\n<h2><a id=\"district4\"><\/a>Regi\u00f3n 4 Agencia sobre el Envejecimiento del \u00e1rea del Consejo de Gobiernos del \u00e1rea de Pikes Peak (Pikes Peak Area Council of Governments, PPACG)<\/h2>\n<p> <strong>Defensora del pueblo regional<\/strong> Lori McGinnis <a href=\"&#109;a&#x69;l&#x74;o&#x3a;&#108;&#x6d;&#99;&#x67;&#105;n&#x6e;i&#x73;&#64;&#x70;&#112;&#x61;&#99;&#x67;&#46;&#x6f;&#114;g\">&#x6c;m&#x63;&#103;&#x69;&#110;&#x6e;&#x69;s&#x40;&#112;&#x70;&#97;&#x63;&#103;&#46;&#x6f;&#114;&#x67;<\/a> <strong>Condados incluidos<\/strong> El Paso, Park, Teller <strong>Direcci\u00f3n de la agencia anfitriona <\/strong>Agencia sobre el Envejecimiento del \u00e1rea de Pikes Peak 15 S. 7th St. Colorado Springs, CO 80905 <strong>Admisi\u00f3n\/Tel\u00e9fono<\/strong> (719) 471-7080 <strong>Fax<\/strong> (719) 955-0047 <\/p>\n<p class=\"totop\"><a href=\"#top\">volver al inicio<\/a><\/p>\n<hr \/>\n<h2><a id=\"district5\"><\/a>Regi\u00f3n 5 Consejo Central de Gobiernos del Este<\/h2>\n<p> <strong>Defensora del pueblo regional<\/strong> Louise Mills <a href=\"&#x6d;&#97;&#105;l&#x74;&#x6f;&#58;m&#x69;&#x6c;&#108;s&#x2e;&#x65;&#99;c&#x6f;&#x67;&#64;g&#x6d;&#x61;&#105;l&#x2e;&#x63;&#111;&#109;\">m&#105;&#108;&#x6c;&#x73;&#46;&#101;&#99;&#x63;&#x6f;&#x67;&#64;&#103;&#109;&#x61;&#x69;l&#46;&#99;&#x6f;&#x6d;<\/a> <strong>Condados incluidos<\/strong> Cheyenne, Elbert, Kit Carson, Lincoln <strong>Direcci\u00f3n de la agencia anfitriona <\/strong>Consejo Central de Gobiernos del Este P.O.  Box 28 Stratton, CO 80836 <strong>Admisi\u00f3n\/Tel\u00e9fono<\/strong> (719) 348-5562 <strong>Fax<\/strong> (719)348-5887 <\/p>\n<p class=\"totop\"><a href=\"#top\">volver al inicio<\/a><\/p>\n<hr \/>\n<h2><a id=\"district6\"><\/a>Regi\u00f3n 6 Agencia sobre el Envejecimiento del \u00e1rea de la parte baja del valle de Arkansas<\/h2>\n<p> <strong>Defensora del pueblo regional<\/strong> Michelle Jaramillo <a href=\"&#109;&#x61;&#105;&#x6c;&#116;&#x6f;&#58;&#x6d;&#105;&#x63;&#104;&#x65;&#108;&#x6c;&#101;&#x2e;&#106;&#x61;&#114;&#x61;&#109;&#x69;&#108;&#x6c;&#111;&#x40;s&#x74;a&#x74;e&#x2e;c&#x6f;&#46;&#x75;s\">&#109;&#x69;c&#x68;e&#108;&#x6c;&#101;&#x2e;j&#97;&#x72;&#97;&#x6d;i&#x6c;&#x6c;&#111;&#x40;s&#x74;a&#116;&#x65;&#46;&#x63;o&#46;&#x75;&#115;<\/a> <strong>Condados incluidos<\/strong> Baca, Bent, Crowley, Kiowa, Otero, Prowers <strong>Direcci\u00f3n de la agencia anfitriona <\/strong>Agencia sobre el Envejecimiento de la parte baja del valle de Arkansas Valley 13 W. 3rd St. Room 110 La Junta, CO 81050 <strong>Admisi\u00f3n\/Tel\u00e9fono<\/strong> (719) 383-3166 <\/p>\n<p class=\"totop\"><a href=\"#top\">volver al inicio<\/a><\/p>\n<hr \/>\n<h2><a id=\"district7\"><\/a>Regi\u00f3n 7 Agencia de Desarrollo de Recursos para Adultos Mayores (Senior Resource Development Agency, SRDA)<\/h2>\n<p> <strong>Defensora del pueblo regional<\/strong> Rebecca Marquez <strong>Condados incluidos<\/strong> Pueblo <strong>Direcci\u00f3n de la agencia anfitriona <\/strong>Agencia de Desarrollo de Recursos para Adultos Mayores 230 North Union Ave. Pueblo, CO 81003 <strong>Admisi\u00f3n\/Tel\u00e9fono<\/strong> (719) 250-0110 <\/p>\n<p class=\"totop\"><a href=\"#top\">volver al inicio<\/a><\/p>\n<hr \/>\n<h2><a id=\"district8\"><\/a>Regi\u00f3n 8 South-Central Colorado Seniors, Inc.<\/h2>\n<p> <strong>Defensora del pueblo regional <\/strong>Sheena Sutter<strong> <\/strong><a href=\"&#109;&#97;&#x69;l&#116;&#x6f;&#x3a;o&#109;&#x62;&#x75;d&#115;&#x6d;&#x61;n&#95;&#x72;&#x65;g&#56;&#x40;&#x71;w&#101;&#x73;t&#111;&#102;&#x66;i&#99;&#x65;&#x2e;n&#101;&#x74;\">o&#109;&#x62;&#x75;d&#115;&#109;&#x61;&#x6e;_&#114;&#x65;&#x67;8&#64;&#113;&#x77;&#x65;s&#116;&#x6f;&#x66;f&#105;&#99;&#x65;&#x2e;n&#101;&#x74;<\/a> <strong>Condados incluidos<\/strong> Alamosa, Conejos, Costilla, Mineral, Rio Grande, Saguache <strong>Direcci\u00f3n de la agencia anfitriona <\/strong>South Central Colorado Seniors, Inc. P.O. Box 639 Alamosa, CO 81101 <strong>Admisi\u00f3n\/Tel\u00e9fono<\/strong> (719) 298-8001 <strong>Fax<\/strong> (719) 589-2343 <\/p>\n<p class=\"totop\"><a href=\"#top\">volver al inicio<\/a><\/p>\n<hr \/>\n<h2><a id=\"district9\"><\/a>Regi\u00f3n 9 Agencia sobre el Envejecimiento del \u00e1rea de San Juan<\/h2>\n<p> <strong>Defensora del pueblo regional<\/strong> Kay Kaylor <a href=\"&#x6d;&#x61;&#x69;&#x6c;&#x74;&#x6f;&#58;&#114;&#101;&#103;iona&#x6c;&#x6f;&#x6d;&#x62;&#x75;&#x64;&#115;&#109;&#97;&#110;&#64;sjb&#x61;&#x61;&#x61;&#x2e;&#x6f;&#x72;&#103;\">&#x72;&#x65;&#103;i&#x6f;&#x6e;&#97;&#108;o&#x6d;&#x62;&#117;&#100;s&#x6d;&#x61;&#110;&#64;s&#x6a;&#x62;&#97;a&#x61;&#x2e;&#111;&#114;g<\/a> <strong>Condados incluidos<\/strong> Archuleta, Dolores, La Plata, Montezuma, San Juan <strong>Direcci\u00f3n de la agencia anfitriona <\/strong>Agencia sobre el Envejecimiento del \u00e1rea de la cuenca de San Juan 10 Burnett Suite A-302 Durango, CO 81301 <strong>Admisi\u00f3n\/Tel\u00e9fono<\/strong> (970) 254-0501 <strong>Fax<\/strong> (888) 290-3566 <\/p>\n<p class=\"totop\"><a href=\"#top\">volver al inicio<\/a><\/p>\n<hr \/>\n<h2><a id=\"district10\"><\/a>Regi\u00f3n 10 Liga de asistencia y planificaci\u00f3n econ\u00f3mica<\/h2>\n<p> <strong>Defensora del pueblo regional<\/strong> Sandy Walker <a href=\"&#x6d;&#x61;&#x69;&#108;&#116;o:&#x73;&#x61;&#x6e;&#x64;&#121;&#64;re&#x67;&#x69;&#x6f;&#110;&#49;&#48;&#46;n&#x65;&#x74;\">&#x73;&#97;&#x6e;&#x64;&#121;&#x40;&#114;e&#x67;&#105;o&#x6e;&#49;0&#x2e;&#110;e&#x74;<\/a> <strong>Condados incluidos<\/strong> Delta, Gunnison, Hinsdale, Montrose, Ouray, San Miguel <strong>Direcci\u00f3n de la agencia anfitriona <\/strong>Agencia sobre el Envejecimiento del \u00e1rea 145 South Cascade Montrose, CO 81401 <strong>Admisi\u00f3n\/Tel\u00e9fono<\/strong> (970) 765-3131 <strong>Fax<\/strong> (970) 249-2488 <\/p>\n<p class=\"totop\"><a href=\"#top\">volver al inicio<\/a><\/p>\n<hr \/>\n<h2><a id=\"district11\"><\/a>Regi\u00f3n 11 Gobiernos asociados del noroeste de Colorado<\/h2>\n<p> <strong>Defensora del pueblo regional<\/strong> Heather Jones <a href=\"&#109;&#x61;i&#108;&#x74;o&#58;&#x68;e&#97;&#x74;h&#101;&#x72;&#46;&#106;&#x6f;n&#101;&#x73;&#64;&#109;&#x65;s&#97;&#x63;o&#117;&#x6e;t&#121;&#x2e;u&#x73;\">he&#97;&#116;&#104;&#101;&#x72;&#x2e;&#x6a;&#x6f;&#x6e;es&#64;&#109;&#101;&#115;&#x61;&#x63;&#x6f;&#x75;&#x6e;ty&#46;&#117;&#115;<\/a> <strong>Condados incluidos<\/strong> Garfield, Mesa, Moffat, Rio Blanco <strong>Direcci\u00f3n de la agencia anfitriona <\/strong>Gobiernos asociados del noroeste de Colorado 510 29 \u00bd Rd. Grand Junction, CO 81504 <strong>Admisi\u00f3n\/Tel\u00e9fono<\/strong> (970) 248-2717 <strong>Fax<\/strong> (970) 255-3632 <\/p>\n<p class=\"totop\"><a href=\"#top\">volver al inicio<\/a><\/p>\n<hr \/>\n<h2><a id=\"district12\"><\/a>Regi\u00f3n 12 Consejo de Gobiernos del noroeste de Colorado<\/h2>\n<p> <strong>Defensora del pueblo regional<\/strong> Tina Strang <a href=\"&#x6d;&#x61;&#105;&#108;&#116;o&#x3a;&#x74;&#x73;&#116;&#114;an&#x67;&#x40;&#x6e;&#119;&#99;c&#x6f;&#x67;&#x2e;&#111;&#114;&#103;\">t&#115;&#116;&#x72;&#x61;&#x6e;g&#64;&#110;&#x77;&#x63;&#x63;og&#46;&#x6f;&#x72;&#x67;<\/a> <strong>Condados incluidos<\/strong> Eagle, Grand, Jackson, Pitkin, Routt, Summit <strong>Direcci\u00f3n de la agencia anfitriona <\/strong>Consejo de Gobiernos del noroeste 249 Warren Ave. Silverthorne, CO 80498 <strong>Admisi\u00f3n\/Tel\u00e9fono<\/strong> (970)-531-2980 <strong>Fax<\/strong> (970) 468-1208 <\/p>\n<p class=\"totop\"><a href=\"#top\">volver al inicio<\/a><\/p>\n<hr \/>\n<h2><a id=\"district13\"><\/a>Regi\u00f3n 13 Agencia sobre el Envejecimiento del \u00e1rea de la parte superior de Arkansas<\/h2>\n<p> <strong>Defensora del pueblo regional<\/strong> Terri Gerstmeyer <a href=\"&#x6d;&#x61;&#x69;&#x6c;&#x74;&#x6f;&#x3a;&#116;&#104;&#101;&#114;&#101;sa&#46;g&#x65;&#x72;&#x73;&#x74;&#x6d;&#x65;&#x79;&#x65;&#114;&#64;&#117;&#97;&#97;cog&#46;&#x63;&#x6f;&#x6d;\">&#116;&#x68;e&#114;&#x65;s&#97;&#x2e;g&#101;&#x72;s&#116;&#x6d;e&#121;&#x65;r&#64;&#x75;a&#97;&#x63;o&#103;&#x2e;c&#111;&#x6d;<\/a> <strong>Condados incluidos<\/strong> Chaffee, Custer, Fremont, Lake <strong>Direcci\u00f3n de la agencia anfitriona <\/strong>Agencia sobre el Envejecimiento del \u00e1rea de la parte superior de Arkansas 139 E. 3rd St. Salida, CO 81201 <strong>Admisi\u00f3n\/Tel\u00e9fono<\/strong> (719) 539-3341 <strong>Fax<\/strong> (719) 539-7431 <\/p>\n<p class=\"totop\"><a href=\"#top\">volver al inicio<\/a><\/p>\n<hr \/>\n<h2><a id=\"district14\"><\/a>Regi\u00f3n 14 Consejo de Gobiernos del \u00e1rea de Huerfano y Las \u00c1nimas<\/h2>\n<p> <strong>Defensora del pueblo regional<\/strong> Elizabeth Kelly <a href=\"&#109;&#97;&#x69;&#x6c;&#116;&#111;&#x3a;&#x6f;&#109;&#98;&#x75;&#x64;&#115;&#109;&#x61;&#x6e;&#64;&#115;&#x63;&#x63;&#111;&#103;&#x2e;&#x6e;&#101;&#116;\">&#x6f;&#109;&#x62;&#x75;&#100;&#x73;&#109;a&#x6e;&#64;s&#x63;&#99;o&#x67;&#46;n&#x65;&#116;<\/a> <strong>Condados incluidos<\/strong> Huerfano, Las Animas <strong>Direcci\u00f3n de la agencia anfitriona <\/strong>Consejo Central de Gobiernos del sur 300 South Bonaventure Ave. Trinidad, CO 81082 <strong>Admisi\u00f3n\/Tel\u00e9fono<\/strong> (719) 859-5755 <strong>Fax<\/strong> (719) 845-1130 <\/p>\n<p class=\"totop\"><a href=\"#top\">volver al inicio<\/a><\/p>\n","protected":false},"excerpt":{"rendered":"<p>Seleccione su condado a continuaci\u00f3n para obtener la informaci\u00f3n de su defensor del pueblo regional. Regi\u00f3n 1 Asociaci\u00f3n de Gobiernos Locales del Noreste de Colorado Defensora del pueblo regional Marlene Miller &#109;m&#x69;l&#x6c;e&#x72;&#64;&#x6e;&#101;&#x63;&#97;&#x6c;&#103;&#x2e;&#99;o&#109; Condados incluidos Logan, Morgan, Phillips, Sedgwick, Washington, Yuma Direcci\u00f3n de la agencia anfitriona Agencia sobre el Envejecimiento del \u00e1rea del noreste de Colorado&#8230; <a class=\"read-more\" href=\"https:\/\/www.coombudsman.org\/es\/recursos\/buscar-un-defensor-del-pueblo\/\">Read More<\/a><\/p>\n","protected":false},"author":15,"featured_media":0,"parent":929,"menu_order":1,"comment_status":"closed","ping_status":"closed","template":"","meta":{"footnotes":""},"class_list":["post-917","page","type-page","status-publish","hentry"],"yoast_head":"<!-- This site is optimized with the Yoast SEO plugin v27.3 - https:\/\/yoast.com\/product\/yoast-seo-wordpress\/ -->\n<title>Buscar un defensor del pueblo para adultos mayores | CO<\/title>\n<meta name=\"robots\" content=\"index, follow, max-snippet:-1, max-image-preview:large, max-video-preview:-1\" \/>\n<link rel=\"canonical\" href=\"https:\/\/www.coombudsman.org\/es\/recursos\/buscar-un-defensor-del-pueblo\/\" \/>\n<meta property=\"og:locale\" content=\"es_ES\" \/>\n<meta property=\"og:type\" content=\"article\" \/>\n<meta property=\"og:title\" content=\"Buscar un defensor del pueblo para adultos mayores | CO\" \/>\n<meta property=\"og:description\" content=\"Seleccione su condado a continuaci\u00f3n para obtener la informaci\u00f3n de su defensor del pueblo regional. Regi\u00f3n 1 Asociaci\u00f3n de Gobiernos Locales del Noreste de Colorado Defensora del pueblo regional Marlene Miller m&#109;&#105;&#x6c;&#x6c;&#x65;r&#064;&#110;&#101;&#x63;&#x61;&#x6c;g&#046;&#099;&#111;&#x6d; Condados incluidos Logan, Morgan, Phillips, Sedgwick, Washington, Yuma Direcci\u00f3n de la agencia anfitriona Agencia sobre el Envejecimiento del \u00e1rea del noreste de Colorado... Read More\" \/>\n<meta property=\"og:url\" content=\"https:\/\/www.coombudsman.org\/es\/recursos\/buscar-un-defensor-del-pueblo\/\" \/>\n<meta property=\"og:site_name\" content=\"Programa del defensor del pueblo de atenci\u00f3n a largo plazo del estado de Colorado\" \/>\n<meta name=\"twitter:card\" content=\"summary_large_image\" \/>\n<meta name=\"twitter:label1\" content=\"Est. reading time\" \/>\n\t<meta name=\"twitter:data1\" content=\"5 minutes\" \/>\n<script type=\"application\/ld+json\" class=\"yoast-schema-graph\">{\"@context\":\"https:\\\/\\\/schema.org\",\"@graph\":[{\"@type\":\"WebPage\",\"@id\":\"https:\\\/\\\/www.coombudsman.org\\\/es\\\/recursos\\\/buscar-un-defensor-del-pueblo\\\/\",\"url\":\"https:\\\/\\\/www.coombudsman.org\\\/es\\\/recursos\\\/buscar-un-defensor-del-pueblo\\\/\",\"name\":\"Buscar un defensor del pueblo para adultos mayores | CO\",\"isPartOf\":{\"@id\":\"https:\\\/\\\/www.coombudsman.org\\\/#website\"},\"datePublished\":\"2020-10-19T22:48:40+00:00\",\"breadcrumb\":{\"@id\":\"https:\\\/\\\/www.coombudsman.org\\\/es\\\/recursos\\\/buscar-un-defensor-del-pueblo\\\/#breadcrumb\"},\"inLanguage\":\"es-ES\",\"potentialAction\":[{\"@type\":\"ReadAction\",\"target\":[\"https:\\\/\\\/www.coombudsman.org\\\/es\\\/recursos\\\/buscar-un-defensor-del-pueblo\\\/\"]}]},{\"@type\":\"BreadcrumbList\",\"@id\":\"https:\\\/\\\/www.coombudsman.org\\\/es\\\/recursos\\\/buscar-un-defensor-del-pueblo\\\/#breadcrumb\",\"itemListElement\":[{\"@type\":\"ListItem\",\"position\":1,\"name\":\"Home\",\"item\":\"https:\\\/\\\/www.coombudsman.org\\\/es\\\/\"},{\"@type\":\"ListItem\",\"position\":2,\"name\":\"Recursos\",\"item\":\"https:\\\/\\\/www.coombudsman.org\\\/es\\\/recursos\\\/\"},{\"@type\":\"ListItem\",\"position\":3,\"name\":\"Buscar un defensor del pueblo\"}]},{\"@type\":\"WebSite\",\"@id\":\"https:\\\/\\\/www.coombudsman.org\\\/#website\",\"url\":\"https:\\\/\\\/www.coombudsman.org\\\/\",\"name\":\"Programa del defensor del pueblo de atenci\u00f3n a largo plazo del estado de Colorado\",\"description\":\"Colorado LTC\",\"potentialAction\":[{\"@type\":\"SearchAction\",\"target\":{\"@type\":\"EntryPoint\",\"urlTemplate\":\"https:\\\/\\\/www.coombudsman.org\\\/?s={search_term_string}\"},\"query-input\":{\"@type\":\"PropertyValueSpecification\",\"valueRequired\":true,\"valueName\":\"search_term_string\"}}],\"inLanguage\":\"es-ES\"}]}<\/script>\n<!-- \/ Yoast SEO plugin. -->","yoast_head_json":{"title":"Buscar un defensor del pueblo para adultos mayores | CO","robots":{"index":"index","follow":"follow","max-snippet":"max-snippet:-1","max-image-preview":"max-image-preview:large","max-video-preview":"max-video-preview:-1"},"canonical":"https:\/\/www.coombudsman.org\/es\/recursos\/buscar-un-defensor-del-pueblo\/","og_locale":"es_ES","og_type":"article","og_title":"Buscar un defensor del pueblo para adultos mayores | CO","og_description":"Seleccione su condado a continuaci\u00f3n para obtener la informaci\u00f3n de su defensor del pueblo regional. Regi\u00f3n 1 Asociaci\u00f3n de Gobiernos Locales del Noreste de Colorado Defensora del pueblo regional Marlene Miller m&#109;&#105;&#x6c;&#x6c;&#x65;r&#64;&#110;&#101;&#x63;&#x61;&#x6c;g&#46;&#99;&#111;&#x6d; Condados incluidos Logan, Morgan, Phillips, Sedgwick, Washington, Yuma Direcci\u00f3n de la agencia anfitriona Agencia sobre el Envejecimiento del \u00e1rea del noreste de Colorado... Read More","og_url":"https:\/\/www.coombudsman.org\/es\/recursos\/buscar-un-defensor-del-pueblo\/","og_site_name":"Programa del defensor del pueblo de atenci\u00f3n a largo plazo del estado de Colorado","twitter_card":"summary_large_image","twitter_misc":{"Est. reading time":"5 minutes"},"schema":{"@context":"https:\/\/schema.org","@graph":[{"@type":"WebPage","@id":"https:\/\/www.coombudsman.org\/es\/recursos\/buscar-un-defensor-del-pueblo\/","url":"https:\/\/www.coombudsman.org\/es\/recursos\/buscar-un-defensor-del-pueblo\/","name":"Buscar un defensor del pueblo para adultos mayores | CO","isPartOf":{"@id":"https:\/\/www.coombudsman.org\/#website"},"datePublished":"2020-10-19T22:48:40+00:00","breadcrumb":{"@id":"https:\/\/www.coombudsman.org\/es\/recursos\/buscar-un-defensor-del-pueblo\/#breadcrumb"},"inLanguage":"es-ES","potentialAction":[{"@type":"ReadAction","target":["https:\/\/www.coombudsman.org\/es\/recursos\/buscar-un-defensor-del-pueblo\/"]}]},{"@type":"BreadcrumbList","@id":"https:\/\/www.coombudsman.org\/es\/recursos\/buscar-un-defensor-del-pueblo\/#breadcrumb","itemListElement":[{"@type":"ListItem","position":1,"name":"Home","item":"https:\/\/www.coombudsman.org\/es\/"},{"@type":"ListItem","position":2,"name":"Recursos","item":"https:\/\/www.coombudsman.org\/es\/recursos\/"},{"@type":"ListItem","position":3,"name":"Buscar un defensor del pueblo"}]},{"@type":"WebSite","@id":"https:\/\/www.coombudsman.org\/#website","url":"https:\/\/www.coombudsman.org\/","name":"Programa del defensor del pueblo de atenci\u00f3n a largo plazo del estado de Colorado","description":"Colorado LTC","potentialAction":[{"@type":"SearchAction","target":{"@type":"EntryPoint","urlTemplate":"https:\/\/www.coombudsman.org\/?s={search_term_string}"},"query-input":{"@type":"PropertyValueSpecification","valueRequired":true,"valueName":"search_term_string"}}],"inLanguage":"es-ES"}]}},"_links":{"self":[{"href":"https:\/\/www.coombudsman.org\/es\/wp-json\/wp\/v2\/pages\/917","targetHints":{"allow":["GET"]}}],"collection":[{"href":"https:\/\/www.coombudsman.org\/es\/wp-json\/wp\/v2\/pages"}],"about":[{"href":"https:\/\/www.coombudsman.org\/es\/wp-json\/wp\/v2\/types\/page"}],"author":[{"embeddable":true,"href":"https:\/\/www.coombudsman.org\/es\/wp-json\/wp\/v2\/users\/15"}],"replies":[{"embeddable":true,"href":"https:\/\/www.coombudsman.org\/es\/wp-json\/wp\/v2\/comments?post=917"}],"version-history":[{"count":0,"href":"https:\/\/www.coombudsman.org\/es\/wp-json\/wp\/v2\/pages\/917\/revisions"}],"up":[{"embeddable":true,"href":"https:\/\/www.coombudsman.org\/es\/wp-json\/wp\/v2\/pages\/929"}],"wp:attachment":[{"href":"https:\/\/www.coombudsman.org\/es\/wp-json\/wp\/v2\/media?parent=917"}],"curies":[{"name":"wp","href":"https:\/\/api.w.org\/{rel}","templated":true}]}}